{"id":661,"date":"2014-11-26T13:34:49","date_gmt":"2014-11-26T13:34:49","guid":{"rendered":"http:\/\/stage.belart.com\/corporate\/?page_id=661"},"modified":"2021-02-04T21:02:48","modified_gmt":"2021-02-04T21:02:48","slug":"bel-art-products-e-literature","status":"publish","type":"page","link":"https:\/\/www.belart.com\/corporateintl\/product-resource-center\/bel-art-products-e-literature\/","title":{"rendered":"e-Literature"},"content":{"rendered":"<div class=\"panel-grid\" id=\"pg-661-0\" style=\"margin-bottom: 0px;\" ><div style=\"background-repeat: no-repeat; background-size: cover; height: auto;\" class=\"panel-row-style\" ><div class='panel-grid-cell-container'><div class=\"panel-grid-cell\" id=\"pgc-661-0-0\" ><div class=\"panel widget widget_black-studio-tinymce black-studio-tinymce panel-first-child panel-last-child\" id=\"panel-661-0-0-0\" style=\"\" ><div class=\"textwidget\"><p><img loading=\"lazy\" class=\"alignleft size-full wp-image-23443\" src=\"https:\/\/www.belart.com\/corporateintl\/wp-content\/uploads\/To-download-e-Literature-click-the-downward-error-in-the-upper-left.png\" alt=\"Image: To download e-Literature, click the downward error in the upper left\" width=\"800\" height=\"80\" srcset=\"https:\/\/www.belart.com\/corporateintl\/wp-content\/uploads\/To-download-e-Literature-click-the-downward-error-in-the-upper-left.png 800w, https:\/\/www.belart.com\/corporateintl\/wp-content\/uploads\/To-download-e-Literature-click-the-downward-error-in-the-upper-left-300x30.png 300w, https:\/\/www.belart.com\/corporateintl\/wp-content\/uploads\/To-download-e-Literature-click-the-downward-error-in-the-upper-left-768x77.png 768w\" sizes=\"(max-width: 800px) 100vw, 800px\" \/><\/p>\n<\/div><\/div><\/div><\/div><\/div><\/div><div class=\"panel-grid\" id=\"pg-661-1\" style=\"margin-bottom: 0px;\" ><div style=\"background-repeat: no-repeat; background-size: cover; height: auto;\" class=\"panel-row-style\" ><div class='panel-grid-cell-container'><div class=\"panel-grid-cell\" id=\"pgc-661-1-0\" ><div class=\"panel widget widget_black-studio-tinymce black-studio-tinymce panel-first-child panel-last-child\" id=\"panel-661-1-0-0\" style=\"\" ><div class=\"textwidget\"><h2><span style=\"color: #330866;\">Catalogs<\/span><\/h2>\n<\/div><\/div><\/div><\/div><\/div><\/div><div class=\"panel-grid\" id=\"pg-661-2\" style=\"margin-bottom: 0px;\" ><div style=\"background-repeat: no-repeat; background-size: cover; height: auto;\" class=\"panel-row-style\" ><div class='panel-grid-cell-container'><div class=\"panel-grid-cell\" id=\"pgc-661-2-0\" ><div class=\"panel widget widget_black-studio-tinymce black-studio-tinymce panel-first-child panel-last-child\" id=\"panel-661-2-0-0\" style=\"\" ><h3 class=\"widget-title\">New &#038; Top Selling Products Catalog<\/h3><div class=\"textwidget\"><p><a href=\"https:\/\/issuu.com\/bel-art_products\/docs\/new___top_selling_products_catalog?fr=sMTgxMjIwNDM1MTQ\" target=\"_new\" rel=\"nofollow noopener\"><img class=\"aligncenter\" src=\"https:\/\/www.belart.com\/corporateintl\/wp-content\/uploads\/NTS-COVER.jpg\" \/><\/a><\/p>\n<\/div><\/div><\/div><div class=\"panel-grid-cell\" id=\"pgc-661-2-1\" ><div class=\"panel widget widget_text text panel-first-child panel-last-child\" id=\"panel-661-2-1-0\" style=\"\" ><h3 class=\"widget-title\">SP Bel-Art Labware &#038; Apparatus Catalog<\/h3>\t\t\t<div class=\"textwidget\"><a href=\"https:\/\/issuu.com\/bel-art_products\/docs\/bel-art_products_catalog?fr=sMWVmMTIwNDM1MTQ\" target=\"_new\" rel=\"_noopener nofollow noopener\"><img src=\" https:\/\/www.belart.com\/corporateintl\/wp-content\/uploads\/2010-Catalog-Cover_289x317.jpg\"><\/a>\n<P align=\"center\"><strong>Note: This catalog does not include all current products; refer to our New & Featured Products Catalog<br>or visit <a href=\"https:\/\/www.belart.com\/suggested-search\/new.html\">sp-belart.com\/NEW<\/a>.<\/strong><\/p><\/div>\n\t\t<\/div><\/div><div class=\"panel-grid-cell\" id=\"pgc-661-2-2\" ><div class=\"panel widget widget_black-studio-tinymce black-studio-tinymce panel-first-child panel-last-child\" id=\"panel-661-2-2-0\" style=\"\" ><h3 class=\"widget-title\">Tools for Biohazard Disposal<\/h3><div class=\"textwidget\"><p><a href=\"https:\/\/issuu.com\/bel-art_products\/docs\/tools_for_biohazard_disposal_-_scientific_products?fr=sN2RiZjEwMjQ0MDA\" target=\"_blank\" rel=\"noopener nofollow\"><img loading=\"lazy\" class=\"aligncenter\" title=\"Tools for Biohazard Disposal by SP Bel-Art\" src=\"https:\/\/www.belart.com\/corporateintl\/wp-content\/uploads\/Tools-for-Biohazard-Disposal_SP-BelART.jpg\" alt=\"Tools for Biohazard Disposal by SP Bel-Art\" width=\"289\" height=\"317\" \/><\/a><\/p>\n<p>&nbsp;<\/p>\n<\/div><\/div><\/div><\/div><\/div><\/div><div class=\"panel-grid\" id=\"pg-661-3\" style=\"margin-bottom: 0px;\" ><div style=\"background-repeat: no-repeat; background-size: cover; height: auto;\" class=\"panel-row-style\" ><div class='panel-grid-cell-container'><div class=\"panel-grid-cell\" id=\"pgc-661-3-0\" ><div class=\"panel widget widget_black-studio-tinymce black-studio-tinymce panel-first-child panel-last-child\" id=\"panel-661-3-0-0\" style=\"\" ><div class=\"textwidget\"><h2><span style=\"color: #330866;\">Catalogs<\/span><\/h2>\n<\/div><\/div><\/div><\/div><\/div><\/div><div class=\"panel-grid\" id=\"pg-661-4\" style=\"margin-bottom: 0px;\" ><div style=\"background-repeat: no-repeat; background-size: cover; height: auto;\" class=\"panel-row-style\" ><div class='panel-grid-cell-container'><div class=\"panel-grid-cell\" id=\"pgc-661-4-0\" ><div class=\"panel widget widget_black-studio-tinymce black-studio-tinymce panel-first-child panel-last-child\" id=\"panel-661-4-0-0\" style=\"\" ><h3 class=\"widget-title\">Produktneuheiten und Empfehlungen<\/h3><div class=\"textwidget\"><p><a href=\"https:\/\/issuu.com\/bel-art_products\/docs\/produktneuheiten_und_empfehlungen?fr=sMzQ5YjcyOTY4MQ\" target=\"_blank\" rel=\"noopener nofollow\"><img loading=\"lazy\" class=\"aligncenter wp-image-23402 size-medium\" title=\"SP Scienceware\" src=\"https:\/\/www.belart.com\/corporateintl\/wp-content\/uploads\/GermanInternationalSuppplement-Cover-274x300.jpg\" alt=\"IMage: Produktneuheiten und-Empfehlungen - LMS\" width=\"274\" height=\"300\" srcset=\"https:\/\/www.belart.com\/corporateintl\/wp-content\/uploads\/GermanInternationalSuppplement-Cover-274x300.jpg 274w, https:\/\/www.belart.com\/corporateintl\/wp-content\/uploads\/GermanInternationalSuppplement-Cover.jpg 289w\" sizes=\"(max-width: 274px) 100vw, 274px\" \/><\/a><\/p>\n<\/div><\/div><\/div><div class=\"panel-grid-cell\" id=\"pgc-661-4-1\" ><div class=\"panel widget widget_black-studio-tinymce black-studio-tinymce panel-first-child panel-last-child\" id=\"panel-661-4-1-0\" style=\"\" ><h3 class=\"widget-title\">Bio-Gefahrenstoffe Richtig Entsorgen<\/h3><div class=\"textwidget\"><p><a href=\"https:\/\/issuu.com\/bel-art_products\/docs\/bio-gefahrenstoffe_richtig_entsorgen?fr=sM2E4MjEwMjQ0MDA\" target=\"_blank\" rel=\"nofollow noopener\"><img loading=\"lazy\" class=\"aligncenter wp-image-23432 size-full\" title=\"SP Bel-Art Bio-Gefahrenstoffe Richtig Entsorgen\" src=\"https:\/\/www.belart.com\/corporateintl\/wp-content\/uploads\/SP-Bel-Art-BiohazardDisposalCatalog_German.jpg\" alt=\"Image: SP Bel-Art Bio-Gefahrenstoffe Richtig Entsorgen\" width=\"289\" height=\"317\" srcset=\"https:\/\/www.belart.com\/corporateintl\/wp-content\/uploads\/SP-Bel-Art-BiohazardDisposalCatalog_German.jpg 289w, https:\/\/www.belart.com\/corporateintl\/wp-content\/uploads\/SP-Bel-Art-BiohazardDisposalCatalog_German-274x300.jpg 274w\" sizes=\"(max-width: 289px) 100vw, 289px\" \/><\/a><\/p>\n<p><!--<a href=\"https:\/\/issuu.com\/bel-art_products\/docs\/international_new___featured_products?fr=sMDJhYTYwNzIzOA\" target=\"_blank\" rel=\"noopener\"><img loading=\"lazy\" class=\"aligncenter size-medium wp-image-23356\" src=\"https:\/\/www.belart.com\/corporateintl\/wp-content\/uploads\/InternationalSupplementCover-274x300.jpg\" alt=\"Image: Scientific Products - SP-Belart New &amp; Featured Products\" width=\"274\" height=\"300\" srcset=\"https:\/\/www.belart.com\/corporateintl\/wp-content\/uploads\/InternationalSupplementCover-274x300.jpg 274w, https:\/\/www.belart.com\/corporateintl\/wp-content\/uploads\/InternationalSupplementCover.jpg 289w\" sizes=\"(max-width: 274px) 100vw, 274px\" \/><\/a>--><\/p>\n<\/div><\/div><\/div><div class=\"panel-grid-cell\" id=\"pgc-661-4-2\" ><div class=\"panel widget widget_black-studio-tinymce black-studio-tinymce panel-first-child panel-last-child\" id=\"panel-661-4-2-0\" style=\"\" ><div class=\"textwidget\"><p><!--<a href=\"https:\/\/issuu.com\/bel-art_products\/docs\/produktneuheiten_und_empfehlungen?fr=sMzQ5YjcyOTY4MQ\" target=\"_blank\" rel=\"noopener nofollow\"><img loading=\"lazy\" class=\"aligncenter wp-image-23402 size-medium\" title=\"SP Scienceware\" src=\"https:\/\/www.belart.com\/corporateintl\/wp-content\/uploads\/GermanInternationalSuppplement-Cover-274x300.jpg\" alt=\"IMage: Produktneuheiten und-Empfehlungen - LMS\" width=\"274\" height=\"300\" srcset=\"https:\/\/www.belart.com\/corporateintl\/wp-content\/uploads\/GermanInternationalSuppplement-Cover-274x300.jpg 274w, https:\/\/www.belart.com\/corporateintl\/wp-content\/uploads\/GermanInternationalSuppplement-Cover.jpg 289w\" sizes=\"(max-width: 274px) 100vw, 274px\" \/><\/a>--><\/p>\n<\/div><\/div><\/div><\/div><\/div><\/div><div class=\"panel-grid\" id=\"pg-661-5\" style=\"margin-bottom: 0px;\" ><div style=\"background-repeat: no-repeat; background-size: cover; height: auto;\" class=\"panel-row-style\" ><div class='panel-grid-cell-container'><div class=\"panel-grid-cell\" id=\"pgc-661-5-0\" ><div class=\"panel widget widget_black-studio-tinymce black-studio-tinymce panel-first-child panel-last-child\" id=\"panel-661-5-0-0\" style=\"\" ><div class=\"textwidget\"><p>&nbsp;<\/p>\n<\/div><\/div><\/div><\/div><\/div><\/div><div class=\"panel-grid\" id=\"pg-661-6\" style=\"margin-bottom: 0px;\" ><div style=\"background-repeat: no-repeat; background-size: cover; height: auto;\" class=\"panel-row-style\" ><div class='panel-grid-cell-container'><div class=\"panel-grid-cell\" id=\"pgc-661-6-0\" ><div class=\"panel widget widget_text text panel-first-child panel-last-child\" id=\"panel-661-6-0-0\" style=\"\" ><h3 class=\"widget-title\">Tools for Sample Handling<\/h3>\t\t\t<div class=\"textwidget\"><a href=\"\/\/issuu.com\/bel-art_products\/docs\/sample-handling-catalog?e=1894926\/69669601\" target=\"_new\" rel=\"_noopener noopener\"><img src=\"\/\/www.belart.com\/corporateintl\/wp-content\/uploads\/SampleHandling.jpg\"><\/a><\/div>\n\t\t<\/div><\/div><div class=\"panel-grid-cell\" id=\"pgc-661-6-1\" >&nbsp;<\/div><div class=\"panel-grid-cell\" id=\"pgc-661-6-2\" >&nbsp;<\/div><\/div><\/div><\/div><div class=\"panel-grid\" id=\"pg-661-7\" style=\"margin-bottom: 0px;\" ><div style=\"background-repeat: no-repeat; background-size: cover; height: auto;\" class=\"panel-row-style\" ><div class='panel-grid-cell-container'><div class=\"panel-grid-cell\" id=\"pgc-661-7-0\" ><div class=\"panel widget widget_black-studio-tinymce black-studio-tinymce panel-first-child\" id=\"panel-661-7-0-0\" style=\"\" ><div class=\"textwidget\"><\/div><\/div><div class=\"panel widget widget_black-studio-tinymce black-studio-tinymce panel-last-child\" id=\"panel-661-7-0-1\" style=\"\" ><div class=\"textwidget\"><p>&nbsp;<\/p>\n<\/div><\/div><\/div><\/div><\/div><\/div><div class=\"panel-grid\" id=\"pg-661-8\" style=\"margin-bottom: 0px;\" ><div style=\"background-repeat: no-repeat; background-size: cover; height: auto;\" class=\"panel-row-style\" ><div class='panel-grid-cell-container'><div class=\"panel-grid-cell\" id=\"pgc-661-8-0\" ><div class=\"panel widget widget_black-studio-tinymce black-studio-tinymce panel-first-child panel-last-child\" id=\"panel-661-8-0-0\" style=\"\" ><div class=\"textwidget\"><h2><span style=\"color: #330866;\">Product Brochures<\/span><\/h2>\n<p>&nbsp;<\/p>\n<\/div><\/div><\/div><\/div><\/div><\/div><div class=\"panel-grid\" id=\"pg-661-9\" style=\"margin-bottom: 0px;\" ><div style=\"background-repeat: no-repeat; background-size: cover; height: auto;\" class=\"panel-row-style\" ><div class='panel-grid-cell-container'><div class=\"panel-grid-cell\" id=\"pgc-661-9-0\" ><div class=\"panel widget widget_black-studio-tinymce black-studio-tinymce panel-first-child panel-last-child\" id=\"panel-661-9-0-0\" style=\"\" ><h3 class=\"widget-title\">Metric Spinbar Magnetic Stirring Bar Size and Selection Guide<\/h3><div class=\"textwidget\"><p><a href=\"https:\/\/issuu.com\/bel-art_products\/docs\/spinbar_magneticstirring_bar_size_and_selection_gu?fr=sYzI0NjcyOTY4MQ\" target=\"_new\" rel=\"_noopener nofollow\"><img class=\"aligncenter\" src=\"https:\/\/www.belart.com\/corporateintl\/wp-content\/uploads\/Metric-Spinbar-Magnetic-Stirring-Bar.jpg\" \/><\/a><\/p>\n<\/div><\/div><\/div><div class=\"panel-grid-cell\" id=\"pgc-661-9-1\" ><div class=\"panel widget widget_black-studio-tinymce black-studio-tinymce panel-first-child panel-last-child\" id=\"panel-661-9-1-0\" style=\"\" ><h3 class=\"widget-title\">Guida alla scelta delle ancorette magnetiche Spinbar\u00ae<\/h3><div class=\"textwidget\"><p><a href=\"https:\/\/issuu.com\/bel-art_products\/docs\/guida_alla_scelta_delle_ancorette_magnetiche_spinb?fr=sMmMxNzcyOTY4MQ\" target=\"_new\" rel=\"_noopener nofollow\"><img class=\"aligncenter\" src=\"https:\/\/www.belart.com\/corporateintl\/wp-content\/uploads\/Italian-Metric-Stirbar-Guide-Cover.jpg\" \/><\/a><\/p>\n<\/div><\/div><\/div><div class=\"panel-grid-cell\" id=\"pgc-661-9-2\" ><div class=\"panel widget widget_text text panel-first-child\" id=\"panel-661-9-2-0\" style=\"\" ><h3 class=\"widget-title\">Guide de s\u00e9lection et des tailles des barreaux d\u2019agitation magn\u00e9tiques Spinbar\u00ae<\/h3>\t\t\t<div class=\"textwidget\"><a href=\"https:\/\/issuu.com\/bel-art_products\/docs\/guide_de_selection_et_des_tailles_des_barreaux_d_a?fr=sY2IxYzcyOTY4MQ\" target=\"_new\" rel=\"_noopener nofollow noopener\"><img src=\"https:\/\/www.belart.com\/corporateintl\/wp-content\/uploads\/French-Metric-Stirbar-Guide-Cover.jpg\"><\/a><\/div>\n\t\t<\/div><div class=\"panel widget widget_text text panel-last-child\" id=\"panel-661-9-2-1\" style=\"\" >\t\t\t<div class=\"textwidget\"><!--Spinbar Magnetruhrstabe Gro\u00dfen- und Auswahlleitfaden-->\n<!--<a href=\"https:\/\/issuu.com\/bel-art_products\/docs\/spinbar_magnetruhrstabe_gro_en-_und_auswahlleitfad?fr=sOGNjMDcyOTY4MQ\" target=\"_new\" rel=\"_noopener nofollow noopener\"><img src=\"https:\/\/www.belart.com\/corporateintl\/wp-content\/uploads\/German-Metric-Stirbar-Guide-Cover.jpg\"><\/a>--><\/div>\n\t\t<\/div><\/div><\/div><\/div><\/div><div class=\"panel-grid\" id=\"pg-661-10\" style=\"margin-bottom: 0px;\" ><div style=\"background-repeat: no-repeat; background-size: cover; height: auto;\" class=\"panel-row-style\" ><div class='panel-grid-cell-container'><div class=\"panel-grid-cell\" id=\"pgc-661-10-0\" ><div class=\"panel widget widget_black-studio-tinymce black-studio-tinymce panel-first-child panel-last-child\" id=\"panel-661-10-0-0\" style=\"\" ><div class=\"textwidget\"><p><P>&nbsp;<\/p>\n<\/div><\/div><\/div><\/div><\/div><\/div><div class=\"panel-grid\" id=\"pg-661-11\" style=\"margin-bottom: 0px;\" ><div style=\"background-repeat: no-repeat; background-size: cover; height: auto;\" class=\"panel-row-style\" ><div class='panel-grid-cell-container'><div class=\"panel-grid-cell\" id=\"pgc-661-11-0\" ><div class=\"panel widget widget_text text panel-first-child panel-last-child\" id=\"panel-661-11-0-0\" style=\"\" ><h3 class=\"widget-title\">Gu\u00eda de selecci\u00f3n y tama\u00f1os de las barras de agitaci\u00f3n magn\u00e9tica Spinbar\u00ae<\/h3>\t\t\t<div class=\"textwidget\"><a href=\"https:\/\/issuu.com\/bel-art_products\/docs\/guia_de_seleccion_y_tamanos_de_las_barras_de_agita?fr=sNGRhNzcyOTY4MQ\" target=\"_new\" rel=\"_noopener nofollow noopener\"><img src=\"https:\/\/www.belart.com\/corporateintl\/wp-content\/uploads\/Spanish-Metric-Stirbar-Guide-Cover.jpg\"><\/a><\/div>\n\t\t<\/div><\/div><div class=\"panel-grid-cell\" id=\"pgc-661-11-1\" >&nbsp;<\/div><div class=\"panel-grid-cell\" id=\"pgc-661-11-2\" >&nbsp;<\/div><\/div><\/div><\/div><div class=\"panel-grid\" id=\"pg-661-12\" style=\"margin-bottom: 0px;\" ><div style=\"background-repeat: no-repeat; background-size: cover; height: auto;\" class=\"panel-row-style\" ><div class='panel-grid-cell-container'><div class=\"panel-grid-cell\" id=\"pgc-661-12-0\" ><div class=\"panel widget widget_black-studio-tinymce black-studio-tinymce panel-first-child panel-last-child\" id=\"panel-661-12-0-0\" style=\"\" ><div class=\"textwidget\"><p><div class=\"woo-sc-hr\"><\/div><\/p>\n<\/div><\/div><\/div><\/div><\/div><\/div><div class=\"panel-grid\" id=\"pg-661-13\" style=\"margin-bottom: 0px;\" ><div style=\"background-repeat: no-repeat; background-size: cover; height: auto;\" class=\"panel-row-style\" ><div class='panel-grid-cell-container'><div class=\"panel-grid-cell\" id=\"pgc-661-13-0\" ><div class=\"panel widget widget_black-studio-tinymce black-studio-tinymce panel-first-child panel-last-child\" id=\"panel-661-13-0-0\" style=\"\" ><div class=\"textwidget\"><p>&nbsp;<\/p>\n<\/div><\/div><\/div><\/div><\/div><\/div><div class=\"panel-grid\" id=\"pg-661-14\" style=\"margin-bottom: 0px;\" ><div style=\"background-repeat: no-repeat; background-size: cover; height: auto;\" class=\"panel-row-style\" ><div class='panel-grid-cell-container'><div class=\"panel-grid-cell\" id=\"pgc-661-14-0\" ><div class=\"panel widget widget_black-studio-tinymce black-studio-tinymce panel-first-child panel-last-child\" id=\"panel-661-14-0-0\" style=\"\" ><div class=\"textwidget\"><p><a id=\"multi_language_metric\"><\/p>\n<\/div><\/div><\/div><\/div><\/div><\/div>","protected":false},"excerpt":{"rendered":"<p>Catalogs New &#038; Top Selling Products Catalog SP Bel-Art Labware &#038; Apparatus Catalog Note: This catalog does not include all current products; refer to our New &#038; Featured Products Catalogor visit sp-belart.com\/NEW. Tools for Biohazard Disposal &nbsp; Catalogs Produktneuheiten und Empfehlungen Bio-Gefahrenstoffe Richtig Entsorgen &nbsp; Tools for Sample Handling &nbsp;&nbsp;&nbsp; Product Brochures &nbsp; Metric Spinbar [&hellip;]<\/p>\n","protected":false},"author":1,"featured_media":0,"parent":1737,"menu_order":0,"comment_status":"closed","ping_status":"closed","template":"","meta":[],"_links":{"self":[{"href":"https:\/\/www.belart.com\/corporateintl\/wp-json\/wp\/v2\/pages\/661"}],"collection":[{"href":"https:\/\/www.belart.com\/corporateintl\/wp-json\/wp\/v2\/pages"}],"about":[{"href":"https:\/\/www.belart.com\/corporateintl\/wp-json\/wp\/v2\/types\/page"}],"author":[{"embeddable":true,"href":"https:\/\/www.belart.com\/corporateintl\/wp-json\/wp\/v2\/users\/1"}],"replies":[{"embeddable":true,"href":"https:\/\/www.belart.com\/corporateintl\/wp-json\/wp\/v2\/comments?post=661"}],"version-history":[{"count":85,"href":"https:\/\/www.belart.com\/corporateintl\/wp-json\/wp\/v2\/pages\/661\/revisions"}],"predecessor-version":[{"id":23454,"href":"https:\/\/www.belart.com\/corporateintl\/wp-json\/wp\/v2\/pages\/661\/revisions\/23454"}],"up":[{"embeddable":true,"href":"https:\/\/www.belart.com\/corporateintl\/wp-json\/wp\/v2\/pages\/1737"}],"wp:attachment":[{"href":"https:\/\/www.belart.com\/corporateintl\/wp-json\/wp\/v2\/media?parent=661"}],"curies":[{"name":"wp","href":"https:\/\/api.w.org\/{rel}","templated":true}]}}